{"id":6,"date":"2017-03-10T10:28:23","date_gmt":"2017-03-10T09:28:23","guid":{"rendered":"http:\/\/cztranslation.com\/domains\/cztranslation.com\/?page_id=6"},"modified":"2022-01-05T16:56:01","modified_gmt":"2022-01-05T15:56:01","slug":"home","status":"publish","type":"page","link":"https:\/\/cztranslation.com\/en\/","title":{"rendered":"Home"},"content":{"rendered":"<p><\/p>\n<div style=\"display: none;\">CZECH FOR YOU <\/div>\n<div style=\"display: none;\">\n<\/p>\n<p>CZECH FOR YOU &#8211; Are you looking for help with your Czech? I offer you English to Czech translation, proofreading, interpreting and DTP services <\/p>\n<p><a href=\"http:\/\/translation.com\">translation.com<\/a><br \/>\nP\u0159eklady<br \/>\nP\u0159eklady v jazykov\u00e9 kombinaci angli\u010dtina\/\u010de\u0161tina.<\/p>\n<p>i p\u0159ekladateli v\u010detn\u011b rodil\u00fdch anglick\u00fdch mluv\u010d\u00edch. V p\u0159\u00edpad\u011b pot\u0159eby pou\u017e\u00edv\u00e1m specializovan\u00fd p\u0159ekladatelsk\u00fd software. V\u017edy dodr\u017euji term\u00edny a samoz\u0159ejmost\u00ed je d\u016fv\u011brnost va\u0161ich sd\u011blen\u00ed a dokument\u016f. Cenu za p\u0159eklad uv\u00e1d\u00edm orienta\u010dn\u011b, nebo\u0165 z\u00e1vis\u00ed zejm\u00e9na na odbornosti textu. Obvykle \u00fa\u010dtuji asi 1,3 K\u010d za slovo (tj. kolem 350 K\u010d za stranu).<\/p>\n<p>Korektury a DTP<br \/>\nKorektury \u010desk\u00e9ho i anglick\u00e9ho textu, p\u0159edtiskov\u00e1 a grafick\u00e1 \u00faprava (DTP)<\/p>\n<p>Prov\u00e1d\u00edm p\u0159edtiskov\u00e9 korektury \u010desk\u00fdch text\u016f i korektury anglick\u00fdch p\u0159eklad\u016f. U p\u0159eklad\u016f ur\u010den\u00fdch k publikaci mohu zajistit korektury rodil\u00fdm anglick\u00fdm profesion\u00e1lem.<\/p>\n<p>Tlumo\u010den\u00ed<br \/>\nDoprovodn\u00e9 tlumo\u010den\u00ed, tlumo\u010den\u00ed telefonn\u00edch hovor\u016f apod.<br \/>\nPot\u0159ebujete-li vy\u0159\u00eddit anglick\u00fd telefon\u00e1t, zajistit tlumo\u010den\u00ed b\u011bhem Va\u0161\u00ed n\u00e1v\u0161t\u011bvy ze zahrani\u010d\u00ed nebo obchodn\u00edho jedn\u00e1n\u00ed, sd\u011blte mi pros\u00edm bli\u017e\u0161\u00ed informace \u2013 ur\u010dit\u011b se domluv\u00edme.<\/p>\n<p>V\u00fduka angli\u010dtiny<br \/>\nIndividu\u00e1ln\u00ed (1 a\u017e 4 studenti) a firemn\u00ed v\u00fduka ve Fr\u00fddlantu nad Ostravic\u00ed a okol\u00ed<br \/>\nU\u010dit se ciz\u00edmu jazyku nen\u00ed jen intelektu\u00e1ln\u00ed proces. Souvis\u00ed i s t\u00edm, jak se c\u00edt\u00edme, nakolik si d\u016fv\u011b\u0159ujeme, jestli se \u201eneboj\u00edme promluvit\u201c\u2026 V\u011b\u0159\u00edm proto, \u017ee mimo schopnost\u00ed a znalost\u00ed vyu\u010duj\u00edc\u00edho je stejn\u011b tak d\u016fle\u017eit\u00e1 atmosf\u00e9ra, ve kter\u00e9 by se v\u0161ichni m\u011bli c\u00edtit dob\u0159e a uvoln\u011bn\u011b, kdy nen\u00ed ani trocha humoru na \u0161kodu. Za sebe m\u016f\u017eu \u0159\u00edct, \u017ee pohoda na hodin\u00e1ch je d\u016fle\u017eit\u00e1 i pro m\u011b a s mnoh\u00fdmi \u017e\u00e1ky jsme se \u010dasem stali dobr\u00fdmi p\u0159\u00e1teli.Nicm\u00e9n\u011b je pravda, \u017ee ka\u017ed\u00fd vyu\u010duj\u00edc\u00ed m\u00e1 sv\u016fj vlastn\u00ed styl v\u00fduky, kter\u00fd V\u00e1m m\u016f\u017ee, ale nemus\u00ed vyhovovat. To samoz\u0159ejm\u011b plat\u00ed i o m\u011b. Nen\u00ed proto nic jednodu\u0161\u0161\u00edho ne\u017e p\u0159ij\u00edt a nez\u00e1vazn\u011b si popov\u00eddat (\u010desky \u010di anglicky), probrat Va\u0161e p\u0159edstavy nebo p\u0159\u00edmo zkusit uk\u00e1zkovou hodinu. V\u00fdb\u011br pak bude u\u017e jen na V\u00e1s.<\/p>\n<h2>CZECH FOR YOU <\/h2>\n<\/div>\n<div class=\"col1\">\n<div style=\"height: 300px;\">\n<p><a href=\"http:\/\/cztranslation.com\/translation\/\"><img decoding=\"async\" style=\"margin-top: 4px; margin-bottom: 16px;\" src=\"http:\/\/cztranslation.com\/img\/ico1onn.jpg\" alt=\"CZECH FOR YOU\" width=\"120\" \/><\/a><\/p>\n<h3 style=\"color: #6d4117;\">Translation<\/h3>\n<p>I translate from English into Czech<\/p>\n<\/div>\n<p><a class=\"oduv\" href=\"http:\/\/cztranslation.com\/translation\/\">Read more<\/a><\/p>\n<\/div>\n<div class=\"col2\">\n<div style=\"height: 300px;\">\n<p><a href=\"http:\/\/cztranslation.com\/proofreading\/\"><img decoding=\"async\" style=\"margin-top: 10px; margin-bottom: 10px;\" src=\"http:\/\/cztranslation.com\/img\/ico2onn.jpg\" alt=\"CZECH FOR YOU\" width=\"120\" \/><\/a><\/p>\n<h3 style=\"color: #6d4117;\">Proofreading<\/h3>\n<p>I edit and review Czech texts and translations<\/p>\n<\/div>\n<p><a class=\"oduv\" href=\"http:\/\/cztranslation.com\/proofreading\/\">Read more<\/a><\/p>\n<\/div>\n<div class=\"col2\">\n<div style=\"height: 300px;\">\n<p><a href=\"http:\/\/cztranslation.com\/interpreting\/\"><img decoding=\"async\" style=\"margin-top: 10px; margin-bottom: 10px;\" src=\"http:\/\/cztranslation.com\/img\/ico3onn.jpg\" alt=\"CZECH FOR YOU\" width=\"120\" \/><\/a><\/p>\n<h3 style=\"color: #6d4117;\">Interpreting<\/h3>\n<p>I consecutively interpret English \/Czech<\/p>\n<\/div>\n<p><a class=\"oduv\" href=\"http:\/\/cztranslation.com\/interpreting\/\">Read more<\/a><\/p>\n<\/div>\n<div class=\"col2\">\n<div style=\"height: 300px;\">\n<p><a href=\"http:\/\/cztranslation.com\/desktop-publishing-and-graphic-layout\/\"><img decoding=\"async\" style=\"margin-top: 10px; margin-bottom: 10px;\" src=\"http:\/\/cztranslation.com\/img\/icodtponn.jpg\" alt=\"CZECH FOR YOU\" width=\"120\" \/><\/a><\/p>\n<h3 style=\"color: #6d4117;\">DTP<\/h3>\n<p>I format and prepare texts for publishing<\/p>\n<\/div>\n<p><a class=\"oduv\" href=\"http:\/\/cztranslation.com\/desktop-publishing-and-graphic-layout\/\">Read more<\/a><\/p>\n<\/div>\n<div class=\"col3\"><\/div>\n<div class=\"img1\"><img decoding=\"async\" src=\"http:\/\/cztranslation.com\/img\/img1.jpg\" alt=\"CZECH FOR YOU\" \/><\/div>\n<div class=\"img2\"><img decoding=\"async\" src=\"http:\/\/cztranslation.com\/img\/img2.jpg\" alt=\"CZECH FOR YOU\" \/><\/div>\n<div class=\"img3\"><img decoding=\"async\" src=\"http:\/\/cztranslation.com\/img\/img3.jpg\" alt=\"CZECH FOR YOU\" \/><\/div>\n<div class=\"col4\">\n<h3 style=\"color: #6d4117;\">About me<\/h3>\n<p>To show the connection between myself as a native Czech speaker and the English environment and language, here are a few highlights from my life.<\/p>\n<p><a class=\"oduv1\" style=\"margin-top: 5px;\" href=\"http:\/\/cztranslation.com\/about-me\/\">Read more<\/a><\/p>\n<\/div>\n<div class=\"col4\">\n<h3 style=\"color: #6d4117;\">Contacts<\/h3>\n<p><a href=\"mailto:l.machova@cztranslation.com\"><img loading=\"lazy\" decoding=\"async\" class=\"alignnone wp-image-225 size-full\" src=\"https:\/\/cztranslation.com\/wp-content\/uploads\/2018\/06\/email.jpg\" alt=\"CZECH FOR YOU\" width=\"254\" height=\"13\" srcset=\"https:\/\/cztranslation.com\/wp-content\/uploads\/2018\/06\/email.jpg 254w, https:\/\/cztranslation.com\/wp-content\/uploads\/2018\/06\/email-230x13.jpg 230w\" sizes=\"(max-width: 254px) 100vw, 254px\" \/><\/a><br \/>\nMobile: (+420) 608 744 520<br \/>\n<br \/>\n<a class=\"oduv1\" style=\"margin-top: 5px;\" href=\"http:\/\/cztranslation.com\/contacts\/\">Read more<\/a><\/p>\n<\/div>\n<p><\/p>","protected":false},"excerpt":{"rendered":"<p>CZECH FOR YOU CZECH FOR YOU &#8211; Are you looking for help with your Czech? I offer you English to Czech translation, proofreading, interpreting and DTP services translation.com P\u0159eklady P\u0159eklady v jazykov\u00e9 kombinaci angli\u010dtina\/\u010de\u0161tina. i p\u0159ekladateli v\u010detn\u011b rodil\u00fdch anglick\u00fdch mluv\u010d\u00edch.<\/p>\n","protected":false},"author":1,"featured_media":0,"parent":0,"menu_order":0,"comment_status":"closed","ping_status":"closed","template":"","meta":{"_mi_skip_tracking":false,"_exactmetrics_sitenote_active":false,"_exactmetrics_sitenote_note":"","_exactmetrics_sitenote_category":0,"footnotes":""},"_links":{"self":[{"href":"https:\/\/cztranslation.com\/en\/wp-json\/wp\/v2\/pages\/6"}],"collection":[{"href":"https:\/\/cztranslation.com\/en\/wp-json\/wp\/v2\/pages"}],"about":[{"href":"https:\/\/cztranslation.com\/en\/wp-json\/wp\/v2\/types\/page"}],"author":[{"embeddable":true,"href":"https:\/\/cztranslation.com\/en\/wp-json\/wp\/v2\/users\/1"}],"replies":[{"embeddable":true,"href":"https:\/\/cztranslation.com\/en\/wp-json\/wp\/v2\/comments?post=6"}],"version-history":[{"count":91,"href":"https:\/\/cztranslation.com\/en\/wp-json\/wp\/v2\/pages\/6\/revisions"}],"predecessor-version":[{"id":384,"href":"https:\/\/cztranslation.com\/en\/wp-json\/wp\/v2\/pages\/6\/revisions\/384"}],"wp:attachment":[{"href":"https:\/\/cztranslation.com\/en\/wp-json\/wp\/v2\/media?parent=6"}],"curies":[{"name":"wp","href":"https:\/\/api.w.org\/{rel}","templated":true}]}}