{"id":10,"date":"2017-03-10T10:28:49","date_gmt":"2017-03-10T09:28:49","guid":{"rendered":"http:\/\/cztranslation.com\/domains\/cztranslation.com\/?page_id=10"},"modified":"2018-07-02T11:56:27","modified_gmt":"2018-07-02T10:56:27","slug":"references-reference","status":"publish","type":"page","link":"https:\/\/cztranslation.com\/en\/references-reference\/","title":{"rendered":"References"},"content":{"rendered":"<p><\/p>\n<div class=\"refbg\">I have had the opportunity to work with Lenka M\u00e1chov\u00e1 on a Social and Environmental Audit of a local Company. During this work, Lenka M\u00e1chov\u00e1 was our interpreter and also carried out independent tasks included in the audit process such as interviewing workers in local language and then reporting the findings in English.<br \/>\nIt is my pleasure to recommend Lenka M\u00e1chov\u00e1. She showed a very professional and independent approach to the job. She was well prepared and understood the ideas and background for the visit. Both as a person and as a professional she contributed to a positive visit and a good result.<\/p>\n<p><strong>Morten Jensen, Senior Compliance Manager &#038; Global Lead Auditor, Novo Nordisk, Denmark <\/strong><\/p>\n<\/div>\n<div class=\"refbg2\">This is to confirm that Ms Lenka M\u00e1chov\u00e1 has been working with us as a Czech translator since August 2005. We have been impressed by her professional approach and the efficient manner in which she has fulfilled all our requirements.<br \/>\nMs M\u00e1chov\u00e1 is clearly an experienced and talented linguist who pays due attention to the correct understanding and interpretation of the source text as much as the linguistic and terminological quality of the target. It has been a pleasure working with her and we intend to continue using her services.<br \/>\nI can wholeheartedly recommend Ms M\u00e1chov\u00e1 as a reliable and valuable translation partner.\u00a0<\/p>\n<p><strong>Piotr Wiktorowicz, WorldAccent, Director, UK<\/strong><\/p>\n<\/div>\n<div class=\"refbg3\" style=\"width:94%;\">As a translator\/publisher, Lenka Machova does high-qualty work.\u00a0Highly recommended.<\/p>\n<p><strong>Dr. Erland Brock, Publisher\/Editor, Swedenborg Scientific Association, US<\/strong><\/p>\n<\/div>\n<div class=\"refbg4\">We have worked with Lenka Machova for several years now and have always been very happy with the quality of translation she provides.\u00a0 Lenka delivers in a timely manner and is very easy to work with.<\/p>\n<p><strong>Jennifer Scanlon, Operations Manager, Transatlantic Translations, US<\/strong><\/p>\n<\/div>\n<div class=\"refbg5\">Mrs. Lenka M\u00e1chov\u00e1 works dutifully, and, which is especially important for us, keeps the deadlines of all orders. Based on a personal meeting with Ms Lenka Machova, she made an impression of a professional lady with a very good language command and with pleasing and responsible behaviour.<\/p>\n<p><strong>Alena Hre\u0161kov\u00e1, Managing Director, Technidok, CR<\/strong><\/p>\n<\/div>\n<p><a class=\"oduv2\" style=\"margin-left: 367px; margin-top: 10px;\" href=\"http:\/\/cztranslation.com\/contacts\/\">Contacts<\/a><\/p>","protected":false},"excerpt":{"rendered":"<p>I have had the opportunity to work with Lenka M\u00e1chov\u00e1 on a Social and Environmental Audit of a local Company. During this work, Lenka M\u00e1chov\u00e1 was our interpreter and also carried out independent tasks included in the audit process such<\/p>\n","protected":false},"author":1,"featured_media":0,"parent":0,"menu_order":0,"comment_status":"closed","ping_status":"closed","template":"","meta":{"_mi_skip_tracking":false,"_exactmetrics_sitenote_active":false,"_exactmetrics_sitenote_note":"","_exactmetrics_sitenote_category":0,"footnotes":""},"_links":{"self":[{"href":"https:\/\/cztranslation.com\/en\/wp-json\/wp\/v2\/pages\/10"}],"collection":[{"href":"https:\/\/cztranslation.com\/en\/wp-json\/wp\/v2\/pages"}],"about":[{"href":"https:\/\/cztranslation.com\/en\/wp-json\/wp\/v2\/types\/page"}],"author":[{"embeddable":true,"href":"https:\/\/cztranslation.com\/en\/wp-json\/wp\/v2\/users\/1"}],"replies":[{"embeddable":true,"href":"https:\/\/cztranslation.com\/en\/wp-json\/wp\/v2\/comments?post=10"}],"version-history":[{"count":28,"href":"https:\/\/cztranslation.com\/en\/wp-json\/wp\/v2\/pages\/10\/revisions"}],"predecessor-version":[{"id":368,"href":"https:\/\/cztranslation.com\/en\/wp-json\/wp\/v2\/pages\/10\/revisions\/368"}],"wp:attachment":[{"href":"https:\/\/cztranslation.com\/en\/wp-json\/wp\/v2\/media?parent=10"}],"curies":[{"name":"wp","href":"https:\/\/api.w.org\/{rel}","templated":true}]}}