{"id":12,"date":"2017-03-10T10:29:06","date_gmt":"2017-03-10T09:29:06","guid":{"rendered":"http:\/\/cztranslation.com\/domains\/cztranslation.com\/?page_id=12"},"modified":"2018-07-02T11:25:44","modified_gmt":"2018-07-02T10:25:44","slug":"contacts-kontakty","status":"publish","type":"page","link":"https:\/\/cztranslation.com\/cs\/contacts-kontakty\/","title":{"rendered":"Contacts &#8211; Kontakty"},"content":{"rendered":"<p><\/p>\n<div style=\"display: none;\">Contacts &#8211; Kontakty<\/div>\n<div style=\"display: none;\">\n<br \/>\nCZECH FOR YOU &#8211; Are you looking for help with your Czech? I offer you English to Czech translation, proofreading, interpreting and DTP services<br \/>\nP\u0159eklady<br \/>\nP\u0159eklady v jazykov\u00e9 kombinaci angli\u010dtina\/\u010de\u0161tina.<\/p>\n<p>i p\u0159ekladateli v\u010detn\u011b rodil\u00fdch anglick\u00fdch mluv\u010d\u00edch. V p\u0159\u00edpad\u011b pot\u0159eby pou\u017e\u00edv\u00e1m specializovan\u00fd p\u0159ekladatelsk\u00fd software. V\u017edy dodr\u017euji term\u00edny a samoz\u0159ejmost\u00ed je d\u016fv\u011brnost va\u0161ich sd\u011blen\u00ed a dokument\u016f. Cenu za p\u0159eklad uv\u00e1d\u00edm orienta\u010dn\u011b, nebo\u0165 z\u00e1vis\u00ed zejm\u00e9na na odbornosti textu. Obvykle \u00fa\u010dtuji asi 1,3 K\u010d za slovo (tj. kolem 350 K\u010d za stranu).<br \/>\n<img decoding=\"async\" src=\"https:\/\/cztranslation.com\/wp-content\/uploads\/2017\/03\/logomin.png\" alt=\"Contacts - Kontakty\" \/><br \/>\n<a href=\"http:\/\/translation.com\">translation.com<\/a><br \/>\n<a href=\"http:\/\/cztranslation.com\">cztranslation.com<\/a><br \/>\nv<br \/>\nKorektury a DTP<br \/>\nKorektury \u010desk\u00e9ho i anglick\u00e9ho textu, p\u0159edtiskov\u00e1 a grafick\u00e1 \u00faprava (DTP)<\/p>\n<p>Prov\u00e1d\u00edm p\u0159edtiskov\u00e9 korektury \u010desk\u00fdch text\u016f i korektury anglick\u00fdch p\u0159eklad\u016f. U p\u0159eklad\u016f ur\u010den\u00fdch k publikaci mohu zajistit korektury rodil\u00fdm anglick\u00fdm profesion\u00e1lem.<\/p>\n<p>Tlumo\u010den\u00ed<br \/>\nDoprovodn\u00e9 tlumo\u010den\u00ed, tlumo\u010den\u00ed telefonn\u00edch hovor\u016f apod.<br \/>\nPot\u0159ebujete-li vy\u0159\u00eddit anglick\u00fd telefon\u00e1t, zajistit tlumo\u010den\u00ed b\u011bhem Va\u0161\u00ed n\u00e1v\u0161t\u011bvy ze zahrani\u010d\u00ed nebo obchodn\u00edho jedn\u00e1n\u00ed, sd\u011blte mi pros\u00edm bli\u017e\u0161\u00ed informace \u2013 ur\u010dit\u011b se domluv\u00edme.<\/p>\n<p>V\u00fduka angli\u010dtiny<br \/>\nIndividu\u00e1ln\u00ed (1 a\u017e 4 studenti) a firemn\u00ed v\u00fduka ve Fr\u00fddlantu nad Ostravic\u00ed a okol\u00ed<br \/>\nU\u010dit se ciz\u00edmu jazyku nen\u00ed jen intelektu\u00e1ln\u00ed proces. Souvis\u00ed i s t\u00edm, jak se c\u00edt\u00edme, nakolik si d\u016fv\u011b\u0159ujeme, jestli se \u201eneboj\u00edme promluvit\u201c\u2026 V\u011b\u0159\u00edm proto, \u017ee mimo schopnost\u00ed a znalost\u00ed vyu\u010duj\u00edc\u00edho je stejn\u011b tak d\u016fle\u017eit\u00e1 atmosf\u00e9ra, ve kter\u00e9 by se v\u0161ichni m\u011bli c\u00edtit dob\u0159e a uvoln\u011bn\u011b, kdy nen\u00ed ani trocha humoru na \u0161kodu. Za sebe m\u016f\u017eu \u0159\u00edct, \u017ee pohoda na hodin\u00e1ch je d\u016fle\u017eit\u00e1 i pro m\u011b a s mnoh\u00fdmi \u017e\u00e1ky jsme se \u010dasem stali dobr\u00fdmi p\u0159\u00e1teli.Nicm\u00e9n\u011b je pravda, \u017ee ka\u017ed\u00fd vyu\u010duj\u00edc\u00ed m\u00e1 sv\u016fj vlastn\u00ed styl v\u00fduky, kter\u00fd V\u00e1m m\u016f\u017ee, ale nemus\u00ed vyhovovat. To samoz\u0159ejm\u011b plat\u00ed i o m\u011b. Nen\u00ed proto nic jednodu\u0161\u0161\u00edho ne\u017e p\u0159ij\u00edt a nez\u00e1vazn\u011b si popov\u00eddat (\u010desky \u010di anglicky), probrat Va\u0161e p\u0159edstavy nebo p\u0159\u00edmo zkusit uk\u00e1zkovou hodinu. V\u00fdb\u011br pak bude u\u017e jen na V\u00e1s.<\/p>\n<h2>Contacts &#8211; Kontakty<\/h2>\n<\/div>\n<div class=\"coblok\" style=\"width: 50%; float: left; margin-top: -10px;\">\n<h6>Adresa:<\/h6>\n<p>Ing. Lenka M\u00e1chov\u00e1<br \/>\nKamenec 591<br \/>\n73911 Fr\u00fddlant nad Ostravic\u00ed<\/p>\n<h6>Dal\u0161\u00ed kontakty:<\/h6>\n<p><img loading=\"lazy\" decoding=\"async\" class=\"alignnone size-full wp-image-225\" src=\"https:\/\/cztranslation.com\/wp-content\/uploads\/2018\/06\/email.jpg\" alt=\"Kontakty\" width=\"254\" height=\"13\" srcset=\"https:\/\/cztranslation.com\/wp-content\/uploads\/2018\/06\/email.jpg 254w, https:\/\/cztranslation.com\/wp-content\/uploads\/2018\/06\/email-230x13.jpg 230w\" sizes=\"(max-width: 254px) 100vw, 254px\" \/><br \/>\nMobil: (+420) 608 744 520<br \/>\nSkype: lmachova<\/p>\n<div class=\"posun\">\n<h6>Nez\u00e1vazn\u00e1 popt\u00e1vka zdarma<\/h6>\n<div class=\"ufbl-form-wrapper ufbl-no-design-template\" style=\"width:350px;\">\n    <form method=\"post\" action=\"\" class=\"ufbl-front-form\">\n\t\t\t\t\t\t<input type=\"hidden\" name=\"form_id\" value=\"2\" class=\"form-id\"\/>\n\t\t\t\t\t\t\t\t<div class=\"ufbl-form-field-wrap \" >\n\t\t\t\t\t\t\t<label>Jm\u00e9no<\/label>\n\t\t\t\t\t\t\t<div class=\"ufbl-form-field\">\n\t\t\t\t\t\t\t\t<input type=\"text\" name=\"ufbl_field_1\" class=\"ufbl-form-textfield \" data-max-chars=\"\" data-min-chars=\"\" data-error-message=\"\" placeholder=\"\" value=\"\"\/>\n\t\t\t\t\t\t\t\t<div class=\"ufbl-error\"  data-error-key=\"ufbl_field_1\"><\/div>\n\t\t\t\t\t\t\t<\/div>\n\t\t\t\t\t\t<\/div>\n\t\t\t\t\t\t\t\t\t\t\t\t<div class=\"ufbl-form-field-wrap email\" >\n\t\t\t\t\t\t\t<label>Email<\/label>\n\t\t\t\t\t\t\t<div class=\"ufbl-form-field\">\n\t\t\t\t\t\t\t\t<input type=\"email\" name=\"ufbl_field_7\" class=\"ufbl-email-field ufbl-required\" data-error-message=\"\" placeholder=\"\" value=\"\"\/>\n\t\t\t\t\t\t\t\t<div class=\"ufbl-error\"  data-error-key=\"ufbl_field_7\"><\/div>\n\t\t\t\t\t\t\t<\/div>\n\t\t\t\t\t\t<\/div>\n\t\t\t\t\t\t\t\t\t\t\t\t<div class=\"ufbl-form-field-wrap \" >\n\t\t\t\t\t\t\t<label>Zpr\u00e1va<\/label>\n\t\t\t\t\t\t\t<div class=\"ufbl-form-field\">\n\t\t\t\t\t\t\t\t<textarea name=\"ufbl_field_3\" class=\"ufbl-form-textarea \" data-max-chars=\"\" data-min-chars=\"\" data-error-message=\"\" rows=\"5\" cols=\"10\" placeholder=\"\"><\/textarea>\n\t\t\t\t\t\t\t\t<div class=\"ufbl-error\"  data-error-key=\"ufbl_field_3\"><\/div>\n\t\t\t\t\t\t\t<\/div>\n\t\t\t\t\t\t<\/div>\n\t\t\t\t\t\t\t\t\t\t\t\t<div class=\"ufbl-form-field-wrap \" >\n\t\t\t\t\t\t\t<label>Ov\u011b\u0159en\u00ed<\/label>\n\t\t\t\t\t\t\t<div class=\"ufbl-form-field\">\n\t\t\t\t\t\t\t\t\t\t\t\t\t\t\t\t\t<div class=\"ufbl-math-captcha-wrap\">\n\t\t\t\t\t\t\t\t\t\t<span class=\"ufbl-captcha-num\">2<\/span> + <span>5<\/span> = <input type=\"text\" name=\"ufbl_field_5\" class=\"ufbl-math-captcha-ans\" placeholder=\"Spo\u010d\u00edtat\"\/>\n\t\t\t\t\t\t\t\t\t\t<input type=\"hidden\" name=\"ufbl_field_5_num_1\" value=\"2\"\/>\n\t\t\t\t\t\t\t\t\t\t<input type=\"hidden\" name=\"ufbl_field_5_num_2\" value=\"5\"\/>\n\t\t\t\t\t\t\t\t\t<\/div>\n\t\t\t\t\t\t\t\t\n\t\t\t\t\t\t\t\t<div class=\"ufbl-error\" data-error-key=\"ufbl_field_5\"><\/div>\n\t\t\t\t\t\t\t<\/div>\n\t\t\t\t\t\t<\/div>\n\t\t\t\t\t\t\t\t\t\t\t\t<div class=\"ufbl-form-field-wrap \" >\n\t\t\t\t\t\t\t<div class=\"ufbl-form-field\">\n\t\t\t\t\t\t\t\t<input type=\"submit\" class=\"ufbl-form-submit\" name=\"ufbl_field_6\" value=\"Odeslat\"\/>\n\t\t\t\t\t\t\t\t\t\t\t\t\t\t\t\t<span class=\"ufbl-form-loader\" style=\"display:none\"><\/span>\n\t\t\t\t\t\t\t<\/div>\n\t\t\t\t\t\t<\/div>\n\t\t\t\t\t\t\t\t<div class=\"ufbl-form-message\" style=\"display: none;\"><\/div>\n\n\t\t\t<\/form>\n\n<\/div>\n\n\n<\/div>\n<\/div>\n<div class=\"coblok\" style=\"width: 50%; float: right;\">\n<p><img decoding=\"async\" src=\"http:\/\/wptest.mzf.cz\/img\/img3.jpg\" alt=\"Kontakty\" \/><\/p>\n<p><iframe loading=\"lazy\" style=\"border: 0;\" src=\"https:\/\/www.google.com\/maps\/embed?pb=!1m18!1m12!1m3!1d1354.1828118487044!2d18.363314817669693!3d49.596612496757004!2m3!1f0!2f0!3f0!3m2!1i1024!2i768!4f13.1!3m3!1m2!1s0x4713f59658ffc089%3A0xb5a9771e367e01a1!2sKamenec+591%2C+Fr%C3%BDdlant%2C+739+11+Fr%C3%BDdlant+nad+Ostravic%C3%AD!5e0!3m2!1scs!2scz!4v1487600076797\" width=\"489\" height=\"380\" frameborder=\"0\" allowfullscreen=\"allowfullscreen\"><\/iframe><\/p>\n<\/div>\n<p><\/p>","protected":false},"excerpt":{"rendered":"<p>Contacts &#8211; Kontakty CZECH FOR YOU &#8211; Are you looking for help with your Czech? I offer you English to Czech translation, proofreading, interpreting and DTP services P\u0159eklady P\u0159eklady v jazykov\u00e9 kombinaci angli\u010dtina\/\u010de\u0161tina. i p\u0159ekladateli v\u010detn\u011b rodil\u00fdch anglick\u00fdch mluv\u010d\u00edch. V<\/p>\n","protected":false},"author":1,"featured_media":0,"parent":0,"menu_order":0,"comment_status":"closed","ping_status":"closed","template":"","meta":{"_mi_skip_tracking":false,"_exactmetrics_sitenote_active":false,"_exactmetrics_sitenote_note":"","_exactmetrics_sitenote_category":0,"footnotes":""},"_links":{"self":[{"href":"https:\/\/cztranslation.com\/cs\/wp-json\/wp\/v2\/pages\/12"}],"collection":[{"href":"https:\/\/cztranslation.com\/cs\/wp-json\/wp\/v2\/pages"}],"about":[{"href":"https:\/\/cztranslation.com\/cs\/wp-json\/wp\/v2\/types\/page"}],"author":[{"embeddable":true,"href":"https:\/\/cztranslation.com\/cs\/wp-json\/wp\/v2\/users\/1"}],"replies":[{"embeddable":true,"href":"https:\/\/cztranslation.com\/cs\/wp-json\/wp\/v2\/comments?post=12"}],"version-history":[{"count":39,"href":"https:\/\/cztranslation.com\/cs\/wp-json\/wp\/v2\/pages\/12\/revisions"}],"predecessor-version":[{"id":354,"href":"https:\/\/cztranslation.com\/cs\/wp-json\/wp\/v2\/pages\/12\/revisions\/354"}],"wp:attachment":[{"href":"https:\/\/cztranslation.com\/cs\/wp-json\/wp\/v2\/media?parent=12"}],"curies":[{"name":"wp","href":"https:\/\/api.w.org\/{rel}","templated":true}]}}